{"id":2481,"date":"2022-09-11T16:41:35","date_gmt":"2022-09-11T19:41:35","guid":{"rendered":"http:\/\/bussola.tecnocorphost.com\/?page_id=2481"},"modified":"2025-07-17T19:40:55","modified_gmt":"2025-07-17T22:40:55","slug":"alguma-duvida","status":"publish","type":"page","link":"https:\/\/www.institutobussolajovem.org.br\/index.php\/alguma-duvida\/","title":{"rendered":"Alguma D\u00favida?"},"content":{"rendered":"\t\t<div data-elementor-type=\"wp-page\" data-elementor-id=\"2481\" class=\"elementor elementor-2481\">\n\t\t\t\t\t\t<section class=\"elementor-section elementor-top-section elementor-element elementor-element-524a775 elementor-section-full_width elementor-section-height-default elementor-section-height-default\" data-id=\"524a775\" data-element_type=\"section\">\n\t\t\t\t\t\t<div class=\"elementor-container elementor-column-gap-default\">\n\t\t\t\t\t<div class=\"elementor-column elementor-col-100 elementor-top-column elementor-element elementor-element-dc2703b\" data-id=\"dc2703b\" data-element_type=\"column\">\n\t\t\t<div class=\"elementor-widget-wrap elementor-element-populated\">\n\t\t\t\t\t\t<div class=\"elementor-element elementor-element-e5f6b4b elementor-widget elementor-widget-image\" data-id=\"e5f6b4b\" data-element_type=\"widget\" data-widget_type=\"image.default\">\n\t\t\t\t<div class=\"elementor-widget-container\">\n\t\t\t\t\t\t\t\t\t\t\t\t\t\t\t<img fetchpriority=\"high\" decoding=\"async\" width=\"1920\" height=\"586\" src=\"https:\/\/www.institutobussolajovem.org.br\/wp-content\/uploads\/2022\/09\/topo-ffaq.png\" class=\"attachment-full size-full wp-image-2722\" alt=\"\" srcset=\"https:\/\/www.institutobussolajovem.org.br\/wp-content\/uploads\/2022\/09\/topo-ffaq.png 1920w, https:\/\/www.institutobussolajovem.org.br\/wp-content\/uploads\/2022\/09\/topo-ffaq-300x92.png 300w, https:\/\/www.institutobussolajovem.org.br\/wp-content\/uploads\/2022\/09\/topo-ffaq-1024x313.png 1024w, https:\/\/www.institutobussolajovem.org.br\/wp-content\/uploads\/2022\/09\/topo-ffaq-768x234.png 768w, https:\/\/www.institutobussolajovem.org.br\/wp-content\/uploads\/2022\/09\/topo-ffaq-1536x469.png 1536w, https:\/\/www.institutobussolajovem.org.br\/wp-content\/uploads\/2022\/09\/topo-ffaq-600x183.png 600w\" sizes=\"(max-width: 1920px) 100vw, 1920px\" \/>\t\t\t\t\t\t\t\t\t\t\t\t\t\t\t<\/div>\n\t\t\t\t<\/div>\n\t\t\t\t\t<\/div>\n\t\t<\/div>\n\t\t\t\t\t<\/div>\n\t\t<\/section>\n\t\t\t\t<section class=\"elementor-section elementor-top-section elementor-element elementor-element-678afda elementor-section-full_width elementor-section-height-default elementor-section-height-default\" data-id=\"678afda\" data-element_type=\"section\" data-settings=\"{&quot;shape_divider_top&quot;:&quot;pyramids&quot;,&quot;shape_divider_top_negative&quot;:&quot;yes&quot;}\">\n\t\t\t\t\t<div class=\"elementor-shape elementor-shape-top\" aria-hidden=\"true\" data-negative=\"true\">\n\t\t\t<svg xmlns=\"http:\/\/www.w3.org\/2000\/svg\" viewBox=\"0 0 1000 100\" preserveAspectRatio=\"none\">\n\t<path class=\"elementor-shape-fill\" d=\"M761.9,40.6L643.1,24L333.9,93.8L0.1,1H0v99h1000V1\"\/>\n<\/svg>\t\t<\/div>\n\t\t\t\t\t<div class=\"elementor-container elementor-column-gap-default\">\n\t\t\t\t\t<div class=\"elementor-column elementor-col-100 elementor-top-column elementor-element elementor-element-0a806a9\" data-id=\"0a806a9\" data-element_type=\"column\">\n\t\t\t<div class=\"elementor-widget-wrap\">\n\t\t\t\t\t\t\t<\/div>\n\t\t<\/div>\n\t\t\t\t\t<\/div>\n\t\t<\/section>\n\t\t\t\t<section class=\"elementor-section elementor-top-section elementor-element elementor-element-1911d74 elementor-section-boxed elementor-section-height-default elementor-section-height-default\" data-id=\"1911d74\" data-element_type=\"section\">\n\t\t\t\t\t\t<div class=\"elementor-container elementor-column-gap-default\">\n\t\t\t\t\t<div class=\"elementor-column elementor-col-100 elementor-top-column elementor-element elementor-element-8bf4123\" data-id=\"8bf4123\" data-element_type=\"column\">\n\t\t\t<div class=\"elementor-widget-wrap elementor-element-populated\">\n\t\t\t\t\t\t<div class=\"elementor-element elementor-element-d1500b5 elementor-widget elementor-widget-spacer\" data-id=\"d1500b5\" data-element_type=\"widget\" data-widget_type=\"spacer.default\">\n\t\t\t\t<div class=\"elementor-widget-container\">\n\t\t\t\t\t\t\t<div class=\"elementor-spacer\">\n\t\t\t<div class=\"elementor-spacer-inner\"><\/div>\n\t\t<\/div>\n\t\t\t\t\t\t<\/div>\n\t\t\t\t<\/div>\n\t\t\t\t\t<\/div>\n\t\t<\/div>\n\t\t\t\t\t<\/div>\n\t\t<\/section>\n\t\t\t\t<section class=\"elementor-section elementor-top-section elementor-element elementor-element-0289668 elementor-section-full_width elementor-section-height-default elementor-section-height-default\" data-id=\"0289668\" data-element_type=\"section\">\n\t\t\t\t\t\t<div class=\"elementor-container elementor-column-gap-default\">\n\t\t\t\t\t<div class=\"elementor-column elementor-col-100 elementor-top-column elementor-element elementor-element-9e07ceb\" data-id=\"9e07ceb\" data-element_type=\"column\">\n\t\t\t<div class=\"elementor-widget-wrap\">\n\t\t\t\t\t\t\t<\/div>\n\t\t<\/div>\n\t\t\t\t\t<\/div>\n\t\t<\/section>\n\t\t\t\t<section class=\"elementor-section elementor-top-section elementor-element elementor-element-e879250 elementor-section-boxed elementor-section-height-default elementor-section-height-default\" data-id=\"e879250\" data-element_type=\"section\">\n\t\t\t\t\t\t<div class=\"elementor-container elementor-column-gap-default\">\n\t\t\t\t\t<div class=\"elementor-column elementor-col-100 elementor-top-column elementor-element elementor-element-322438d\" data-id=\"322438d\" data-element_type=\"column\">\n\t\t\t<div class=\"elementor-widget-wrap\">\n\t\t\t\t\t\t\t<\/div>\n\t\t<\/div>\n\t\t\t\t\t<\/div>\n\t\t<\/section>\n\t\t\t\t<section class=\"elementor-section elementor-top-section elementor-element elementor-element-81c48c6 elementor-section-boxed elementor-section-height-default elementor-section-height-default\" data-id=\"81c48c6\" data-element_type=\"section\">\n\t\t\t\t\t\t<div class=\"elementor-container elementor-column-gap-default\">\n\t\t\t\t\t<div class=\"elementor-column elementor-col-100 elementor-top-column elementor-element elementor-element-3d530ca\" data-id=\"3d530ca\" data-element_type=\"column\">\n\t\t\t<div class=\"elementor-widget-wrap elementor-element-populated\">\n\t\t\t\t\t\t<div class=\"elementor-element elementor-element-7e355b3 elementor-widget elementor-widget-purehearts_our_faqs\" data-id=\"7e355b3\" data-element_type=\"widget\" data-widget_type=\"purehearts_our_faqs.default\">\n\t\t\t\t<div class=\"elementor-widget-container\">\n\t\t\t\t\t        \n        <!-- faq-page-section -->\n        <section class=\"faq-page-section\">\n            <div class=\"auto-container\">\n                <div class=\"row clearfix\">\n                    \n                    <div class=\"col-lg-6 col-md-12 col-sm-12 content-column\">\n                        <div class=\"content_block_10\">\n                            <div class=\"content-box\">\n                                <figure class=\"image\"><img decoding=\"async\" src=\"https:\/\/www.institutobussolajovem.org.br\/wp-content\/uploads\/2021\/07\/faq-1.png\" alt=\"Awesome Image\"><\/figure>                                <div class=\"text wow fadeInLeft animated animated\" data-wow-delay=\"00ms\" data-wow-duration=\"1500ms\">\n                                    <div class=\"icon-box\"><i class=\"icon-heart-shape-outline\"><\/i><\/div>\n                                    <h3>Ainda tem d\u00favida?<\/h3>\n                                    <p>Envie um e-mail ou nos envie um Whatsapp.<\/p>\n                                                                        <a href=\"https:\/\/wa.me\/5511966463817\">Whatsapp<\/a>\n                                                                    <\/div>\n                            <\/div>\n                        <\/div>\n                    <\/div>\n                    \n                    <div class=\"col-lg-6 col-md-12 col-sm-12 inner-column\">\n                        <ul class=\"accordion-box\">\n                                                        <li class=\"accordion block \">\n                                <div class=\"acc-btn \">\n                                    <div class=\"icon-outer\"><i class=\"icon-right-arrow\"><\/i><\/div>\n                                    <h5><i class=\"icon-question\"><\/i>QUEM \u00c9 O P\u00daBLICO-ALVO DO INSTITUTO?<\/h5>\n                                <\/div>\n                                <div class=\"acc-content \">\n                                    <div class=\"text\">\n                                        <p>P\u00fablico-alvo jovens de 15 a 18 anos por estarem mais suscet\u00edveis ao contexto de vulnerabilidade e trabalhamos.<\/p>\n                                    <\/div>\n                                <\/div>\n                            <\/li>\n                                                        <li class=\"accordion block active-block\">\n                                <div class=\"acc-btn active\">\n                                    <div class=\"icon-outer\"><i class=\"icon-right-arrow\"><\/i><\/div>\n                                    <h5><i class=\"icon-question\"><\/i>COMO POSSO PARTICIPAR? <\/h5>\n                                <\/div>\n                                <div class=\"acc-content current\">\n                                    <div class=\"text\">\n                                        <p>Fa\u00e7a sua inscri\u00e7\u00e3o pelo link - https:\/\/www.institutobussolajovem.org.br\/index.php\/vamos-participar\/<\/p>\n                                    <\/div>\n                                <\/div>\n                            <\/li>\n                                                        <li class=\"accordion block \">\n                                <div class=\"acc-btn \">\n                                    <div class=\"icon-outer\"><i class=\"icon-right-arrow\"><\/i><\/div>\n                                    <h5><i class=\"icon-question\"><\/i>AS ATIVIDADES S\u00c3O GRATUITAS? ONDE S\u00c3O REALIZADAS?<\/h5>\n                                <\/div>\n                                <div class=\"acc-content \">\n                                    <div class=\"text\">\n                                        <p>A forma\u00e7\u00e3o em todas as suas etapas \u00e9 inteiramente gratuita. <\/p>\n                                    <\/div>\n                                <\/div>\n                            <\/li>\n                                                        <li class=\"accordion block \">\n                                <div class=\"acc-btn \">\n                                    <div class=\"icon-outer\"><i class=\"icon-right-arrow\"><\/i><\/div>\n                                    <h5><i class=\"icon-question\"><\/i>TENHO INTERESSE EM SER UM APOIADOR.<\/h5>\n                                <\/div>\n                                <div class=\"acc-content \">\n                                    <div class=\"text\">\n                                        <p>Se voc\u00ea ou sua empresa deseja fortalecer as a\u00e7\u00f5es de responsabilidade social corporativa, fazer a diferen\u00e7a na realidade dos jovens e agregar valor \u00e0 sua marca, entre em contato pelo e-mail comunicacao@institutobussolajovem.org.br<\/p>\n                                    <\/div>\n                                <\/div>\n                            <\/li>\n                                                        <li class=\"accordion block \">\n                                <div class=\"acc-btn \">\n                                    <div class=\"icon-outer\"><i class=\"icon-right-arrow\"><\/i><\/div>\n                                    <h5><i class=\"icon-question\"><\/i>COMO FA\u00c7O PARA SER VOLUNT\u00c1RIO(A) E CONTRIBUIR?<\/h5>\n                                <\/div>\n                                <div class=\"acc-content \">\n                                    <div class=\"text\">\n                                        <p>Voc\u00ea pode nos ajudar a fazer a diferen\u00e7a. Acesse https:\/\/www.atados.com.br\/ong\/instituto-bussola-jovem\/vagas e verifique qual fun\u00e7\u00e3o voc\u00ea se identifica mais. Nossa \u00e1rea de Gente e Gest\u00e3o entrar\u00e1 em contato e voc\u00ea poder\u00e1 fazer parte de nosso time. <\/p>\n                                    <\/div>\n                                <\/div>\n                            <\/li>\n                                                        <li class=\"accordion block \">\n                                <div class=\"acc-btn \">\n                                    <div class=\"icon-outer\"><i class=\"icon-right-arrow\"><\/i><\/div>\n                                    <h5><i class=\"icon-question\"><\/i>MORO EM OUTRO BAIRRO, POSSO PARTICIPAR?<\/h5>\n                                <\/div>\n                                <div class=\"acc-content \">\n                                    <div class=\"text\">\n                                        <p>Voc\u00ea pode participar, por\u00e9m, o ponto de partida da van \u00e9 somente na Avenida Rudge Ramos, 545 - Jardim Irapiranga. Caso sua resid\u00eancia esteja no roteiro da van, podemos combinar, mas, ela tem um roteiro predeterminado. Outra forma \u00e9 voc\u00ea ir at\u00e9 o local do curso por conta pr\u00f3pria. Neste caso o Instituto Bussola Jovem n\u00e3o arca com a despesa.  <\/p>\n                                    <\/div>\n                                <\/div>\n                            <\/li>\n                                                        <li class=\"accordion block \">\n                                <div class=\"acc-btn \">\n                                    <div class=\"icon-outer\"><i class=\"icon-right-arrow\"><\/i><\/div>\n                                    <h5><i class=\"icon-question\"><\/i>ONDE S\u00c3O REALIZADAS AS ATIVIDADES?<\/h5>\n                                <\/div>\n                                <div class=\"acc-content \">\n                                    <div class=\"text\">\n                                        <p>As atividades presenciais s\u00e3o realizadas no bairro da Bela Vista, por\u00e9m, o Instituto B\u00fassola Jovem coloca \u00e0 disposi\u00e7\u00e3o o transporte dos jovens por meio de uma van que leva e traz os jovens O ponto de partida \u00e9 a AIIH - Associa\u00e7\u00e3o Internacional de Interesse a Humanidade na Avenida Rudge Ramos, 545 - Jardim Irapiranga. H\u00e1 atividades que s\u00e3o remotas. Para realiz\u00e1-las o Instituto B\u00fassola Jovem \u201cempresta\u201d aos jovens 1 notebook durante o per\u00edodo da trilha de aprendizagem. O jovem \u00e9 respons\u00e1vel pela guarda e cuidados com equipamentos, caso seja danificado \u00e9 cobrado o conserto. \n\n<\/p>\n                                    <\/div>\n                                <\/div>\n                            <\/li>\n                                                    <\/ul>\n                    <\/div>\n                <\/div>\n            <\/div>\n        <\/section>\n        <!-- faq-page-section end -->\n                \n\t\t\t\t\t\t<\/div>\n\t\t\t\t<\/div>\n\t\t\t\t\t<\/div>\n\t\t<\/div>\n\t\t\t\t\t<\/div>\n\t\t<\/section>\n\t\t\t\t<section class=\"elementor-section elementor-top-section elementor-element elementor-element-6edcf5a elementor-section-boxed elementor-section-height-default elementor-section-height-default\" data-id=\"6edcf5a\" data-element_type=\"section\">\n\t\t\t\t\t\t<div class=\"elementor-container elementor-column-gap-default\">\n\t\t\t\t\t<div class=\"elementor-column elementor-col-100 elementor-top-column elementor-element elementor-element-ffbcb8a\" data-id=\"ffbcb8a\" data-element_type=\"column\">\n\t\t\t<div class=\"elementor-widget-wrap elementor-element-populated\">\n\t\t\t\t\t\t<div class=\"elementor-element elementor-element-84b88ca elementor-widget elementor-widget-spacer\" data-id=\"84b88ca\" data-element_type=\"widget\" data-widget_type=\"spacer.default\">\n\t\t\t\t<div class=\"elementor-widget-container\">\n\t\t\t\t\t\t\t<div class=\"elementor-spacer\">\n\t\t\t<div class=\"elementor-spacer-inner\"><\/div>\n\t\t<\/div>\n\t\t\t\t\t\t<\/div>\n\t\t\t\t<\/div>\n\t\t\t\t\t<\/div>\n\t\t<\/div>\n\t\t\t\t\t<\/div>\n\t\t<\/section>\n\t\t\t\t<section class=\"elementor-section elementor-top-section elementor-element elementor-element-851e18d elementor-section-full_width elementor-section-height-default elementor-section-height-default\" data-id=\"851e18d\" data-element_type=\"section\" data-settings=\"{&quot;background_background&quot;:&quot;classic&quot;}\">\n\t\t\t\t\t\t\t<div class=\"elementor-background-overlay\"><\/div>\n\t\t\t\t\t\t\t<div class=\"elementor-container elementor-column-gap-default\">\n\t\t\t\t\t<div class=\"elementor-column elementor-col-100 elementor-top-column elementor-element elementor-element-ed67dd1\" data-id=\"ed67dd1\" data-element_type=\"column\">\n\t\t\t<div class=\"elementor-widget-wrap elementor-element-populated\">\n\t\t\t\t\t\t<div class=\"elementor-element elementor-element-336c38f elementor-widget elementor-widget-purehearts_video_tour_v2\" data-id=\"336c38f\" data-element_type=\"widget\" data-widget_type=\"purehearts_video_tour_v2.default\">\n\t\t\t\t<div class=\"elementor-widget-container\">\n\t\t\t\t\t        \n        <!-- video-style-two -->\n        <section class=\"video-style-two\">\n            <div class=\"inner-container\" style=\"background-image: url(https:\/\/www.institutobussolajovem.org.br\/wp-content\/uploads\/2022\/09\/85035854_1524299717748634_310344050362286080_n.jpg);\">\n                <div class=\"pattern-layer\" style=\"background-image: url(https:\/\/www.institutobussolajovem.org.br\/wp-content\/uploads\/2022\/09\/Untitled-2.png);\"><\/div>                <figure class=\"image-box\"><img decoding=\"async\" src=\"https:\/\/www.institutobussolajovem.org.br\/wp-content\/uploads\/2022\/09\/doador-home-1.png\" alt=\"Awesome Image\"><\/figure>                <div class=\"text\">\n                    <h2>transforma\u00e7\u00e3o<\/h2>                    <h3>+3200 horas dedicada<br \/>para a <span>transforma\u00e7\u00e3o<\/span> dos<br>jovens em 2021<\/h3>                                        <div class=\"video-btn\">\n                        <a href=\"https:\/\/youtu.be\/YTbK2Zzs0M4\"  data-fancybox><i class=\"icon-play-arrow\"><\/i>V\u00eddeo Institucional <\/a>\n                    <\/div>\n                                    <\/div>\n            <\/div>\n        <\/section>\n        <!-- video-style-two end -->\n                \n\t\t\t\t\t\t<\/div>\n\t\t\t\t<\/div>\n\t\t\t\t\t<\/div>\n\t\t<\/div>\n\t\t\t\t\t<\/div>\n\t\t<\/section>\n\t\t\t\t<section class=\"elementor-section elementor-top-section elementor-element elementor-element-af396c9 elementor-section-boxed elementor-section-height-default elementor-section-height-default\" data-id=\"af396c9\" data-element_type=\"section\">\n\t\t\t\t\t\t<div class=\"elementor-container elementor-column-gap-default\">\n\t\t\t\t\t<div class=\"elementor-column elementor-col-100 elementor-top-column elementor-element elementor-element-7cab8a3\" data-id=\"7cab8a3\" data-element_type=\"column\">\n\t\t\t<div class=\"elementor-widget-wrap\">\n\t\t\t\t\t\t\t<\/div>\n\t\t<\/div>\n\t\t\t\t\t<\/div>\n\t\t<\/section>\n\t\t\t\t<section class=\"elementor-section elementor-top-section elementor-element elementor-element-cec3c19 elementor-section-boxed elementor-section-height-default elementor-section-height-default\" data-id=\"cec3c19\" data-element_type=\"section\">\n\t\t\t\t\t\t<div class=\"elementor-container elementor-column-gap-default\">\n\t\t\t\t\t<div class=\"elementor-column elementor-col-100 elementor-top-column elementor-element elementor-element-9e69fec\" data-id=\"9e69fec\" data-element_type=\"column\">\n\t\t\t<div class=\"elementor-widget-wrap elementor-element-populated\">\n\t\t\t\t\t\t<div class=\"elementor-element elementor-element-0373ebf elementor-widget elementor-widget-spacer\" data-id=\"0373ebf\" data-element_type=\"widget\" data-widget_type=\"spacer.default\">\n\t\t\t\t<div class=\"elementor-widget-container\">\n\t\t\t\t\t\t\t<div class=\"elementor-spacer\">\n\t\t\t<div class=\"elementor-spacer-inner\"><\/div>\n\t\t<\/div>\n\t\t\t\t\t\t<\/div>\n\t\t\t\t<\/div>\n\t\t\t\t\t<\/div>\n\t\t<\/div>\n\t\t\t\t\t<\/div>\n\t\t<\/section>\n\t\t\t\t<section class=\"elementor-section elementor-top-section elementor-element elementor-element-fe312d5 elementor-section-boxed elementor-section-height-default elementor-section-height-default\" data-id=\"fe312d5\" data-element_type=\"section\">\n\t\t\t\t\t\t<div class=\"elementor-container elementor-column-gap-default\">\n\t\t\t\t\t<div class=\"elementor-column elementor-col-100 elementor-top-column elementor-element elementor-element-c89c66f\" data-id=\"c89c66f\" data-element_type=\"column\">\n\t\t\t<div class=\"elementor-widget-wrap\">\n\t\t\t\t\t\t\t<\/div>\n\t\t<\/div>\n\t\t\t\t\t<\/div>\n\t\t<\/section>\n\t\t\t\t<section class=\"elementor-section elementor-top-section elementor-element elementor-element-d6758eb elementor-section-full_width elementor-section-height-default elementor-section-height-default\" data-id=\"d6758eb\" data-element_type=\"section\" data-settings=\"{&quot;background_background&quot;:&quot;classic&quot;}\">\n\t\t\t\t\t\t<div class=\"elementor-container elementor-column-gap-default\">\n\t\t\t\t\t<div class=\"elementor-column elementor-col-100 elementor-top-column elementor-element elementor-element-90c8e5f\" data-id=\"90c8e5f\" data-element_type=\"column\">\n\t\t\t<div class=\"elementor-widget-wrap elementor-element-populated\">\n\t\t\t\t\t\t<div class=\"elementor-element elementor-element-09954a9 elementor-widget elementor-widget-purehearts_our_clients\" data-id=\"09954a9\" data-element_type=\"widget\" data-widget_type=\"purehearts_our_clients.default\">\n\t\t\t\t<div class=\"elementor-widget-container\">\n\t\t\t\t\t        \n        <!-- clients-section -->\n        <section class=\"clients-section\">\n            <div class=\"outer-container\">\n                <div class=\"clients-carousel owl-carousel owl-theme owl-dots-none owl-nav-none\">\n                                        <figure class=\"clients-logo-box\"><a href=\"\"><img decoding=\"async\" src=\"https:\/\/www.institutobussolajovem.org.br\/wp-content\/uploads\/2024\/08\/logo-bulb2.png\" alt=\"Awesome image\"><\/a><\/figure>\n                                        <figure class=\"clients-logo-box\"><a href=\"\"><img decoding=\"async\" src=\"https:\/\/www.institutobussolajovem.org.br\/wp-content\/uploads\/2022\/09\/logo06.png\" alt=\"Awesome image\"><\/a><\/figure>\n                                        <figure class=\"clients-logo-box\"><a href=\"\"><img decoding=\"async\" src=\"https:\/\/www.institutobussolajovem.org.br\/wp-content\/uploads\/2022\/09\/logo05.png\" alt=\"Awesome image\"><\/a><\/figure>\n                                        <figure class=\"clients-logo-box\"><a href=\"\"><img decoding=\"async\" src=\"https:\/\/www.institutobussolajovem.org.br\/wp-content\/uploads\/2022\/09\/logo03.png\" alt=\"Awesome image\"><\/a><\/figure>\n                                        <figure class=\"clients-logo-box\"><a href=\"\"><img decoding=\"async\" src=\"https:\/\/www.institutobussolajovem.org.br\/wp-content\/uploads\/2022\/09\/logo01.png\" alt=\"Awesome image\"><\/a><\/figure>\n                                        <figure class=\"clients-logo-box\"><a href=\"\"><img decoding=\"async\" src=\"https:\/\/www.institutobussolajovem.org.br\/wp-content\/uploads\/2024\/08\/logo-menezes.png\" alt=\"Awesome image\"><\/a><\/figure>\n                                        <figure class=\"clients-logo-box\"><a href=\"\"><img decoding=\"async\" src=\"https:\/\/www.institutobussolajovem.org.br\/wp-content\/uploads\/2024\/08\/logo-lumini.png\" alt=\"Awesome image\"><\/a><\/figure>\n                                    <\/div>\n            <\/div>\n        <\/section>\n        <!-- clients-section end -->\n        \n\t\t\t\t\t\t<\/div>\n\t\t\t\t<\/div>\n\t\t\t\t\t<\/div>\n\t\t<\/div>\n\t\t\t\t\t<\/div>\n\t\t<\/section>\n\t\t\t\t<\/div>\n\t\t","protected":false},"excerpt":{"rendered":"<p>Ainda tem d\u00favida? Envie um e-mail ou nos envie um Whatsapp. Whatsapp QUEM \u00c9 O P\u00daBLICO-ALVO DO INSTITUTO? P\u00fablico-alvo jovens de 15 a 18 anos por estarem mais suscet\u00edveis ao [&hellip;]<\/p>\n","protected":false},"author":1,"featured_media":0,"parent":0,"menu_order":0,"comment_status":"closed","ping_status":"closed","template":"tpl-default-elementor.php","meta":{"footnotes":""},"class_list":["post-2481","page","type-page","status-publish","hentry"],"_links":{"self":[{"href":"https:\/\/www.institutobussolajovem.org.br\/index.php\/wp-json\/wp\/v2\/pages\/2481","targetHints":{"allow":["GET"]}}],"collection":[{"href":"https:\/\/www.institutobussolajovem.org.br\/index.php\/wp-json\/wp\/v2\/pages"}],"about":[{"href":"https:\/\/www.institutobussolajovem.org.br\/index.php\/wp-json\/wp\/v2\/types\/page"}],"author":[{"embeddable":true,"href":"https:\/\/www.institutobussolajovem.org.br\/index.php\/wp-json\/wp\/v2\/users\/1"}],"replies":[{"embeddable":true,"href":"https:\/\/www.institutobussolajovem.org.br\/index.php\/wp-json\/wp\/v2\/comments?post=2481"}],"version-history":[{"count":113,"href":"https:\/\/www.institutobussolajovem.org.br\/index.php\/wp-json\/wp\/v2\/pages\/2481\/revisions"}],"predecessor-version":[{"id":4398,"href":"https:\/\/www.institutobussolajovem.org.br\/index.php\/wp-json\/wp\/v2\/pages\/2481\/revisions\/4398"}],"wp:attachment":[{"href":"https:\/\/www.institutobussolajovem.org.br\/index.php\/wp-json\/wp\/v2\/media?parent=2481"}],"curies":[{"name":"wp","href":"https:\/\/api.w.org\/{rel}","templated":true}]}}