{"id":2515,"date":"2022-09-11T17:20:09","date_gmt":"2022-09-11T20:20:09","guid":{"rendered":"http:\/\/bussola.tecnocorphost.com\/?page_id=2515"},"modified":"2025-07-17T19:43:57","modified_gmt":"2025-07-17T22:43:57","slug":"contato","status":"publish","type":"page","link":"https:\/\/www.institutobussolajovem.org.br\/index.php\/contato\/","title":{"rendered":"Contato"},"content":{"rendered":"\t\t<div data-elementor-type=\"wp-page\" data-elementor-id=\"2515\" class=\"elementor elementor-2515\">\n\t\t\t\t\t\t<section class=\"elementor-section elementor-top-section elementor-element elementor-element-8093741 elementor-section-boxed elementor-section-height-default elementor-section-height-default\" data-id=\"8093741\" data-element_type=\"section\">\n\t\t\t\t\t\t<div class=\"elementor-container elementor-column-gap-default\">\n\t\t\t\t\t<div class=\"elementor-column elementor-col-100 elementor-top-column elementor-element elementor-element-39ab1ff\" data-id=\"39ab1ff\" data-element_type=\"column\">\n\t\t\t<div class=\"elementor-widget-wrap\">\n\t\t\t\t\t\t\t<\/div>\n\t\t<\/div>\n\t\t\t\t\t<\/div>\n\t\t<\/section>\n\t\t\t\t<section class=\"elementor-section elementor-top-section elementor-element elementor-element-537c44a elementor-section-boxed elementor-section-height-default elementor-section-height-default\" data-id=\"537c44a\" data-element_type=\"section\">\n\t\t\t\t\t\t<div class=\"elementor-container elementor-column-gap-default\">\n\t\t\t\t\t<div class=\"elementor-column elementor-col-100 elementor-top-column elementor-element elementor-element-ed04ff8\" data-id=\"ed04ff8\" data-element_type=\"column\">\n\t\t\t<div class=\"elementor-widget-wrap\">\n\t\t\t\t\t\t\t<\/div>\n\t\t<\/div>\n\t\t\t\t\t<\/div>\n\t\t<\/section>\n\t\t\t\t<section class=\"elementor-section elementor-top-section elementor-element elementor-element-7bad4e4 elementor-section-full_width elementor-section-height-default elementor-section-height-default\" data-id=\"7bad4e4\" data-element_type=\"section\">\n\t\t\t\t\t\t<div class=\"elementor-container elementor-column-gap-default\">\n\t\t\t\t\t<div class=\"elementor-column elementor-col-100 elementor-top-column elementor-element elementor-element-e6a24bc\" data-id=\"e6a24bc\" data-element_type=\"column\">\n\t\t\t<div class=\"elementor-widget-wrap elementor-element-populated\">\n\t\t\t\t\t\t<div class=\"elementor-element elementor-element-ec7178e elementor-widget elementor-widget-purehearts_contact_us\" data-id=\"ec7178e\" data-element_type=\"widget\" data-widget_type=\"purehearts_contact_us.default\">\n\t\t\t\t<div class=\"elementor-widget-container\">\n\t\t\t\t\t        \n        <!-- contact-section -->\n        <section class=\"contact-section sec-pad\">\n            <div class=\"auto-container\">\n                <div class=\"row clearfix\">\n                    <div class=\"col-lg-4 col-md-12 col-sm-12 inner-column\">\n                        <div class=\"contact-info-inner\">\n                                                        <div class=\"sec-title\">\n                                <span class=\"top-text\">Vamos ser<\/span>                                <h2>Quer se tornar nosso aluno(a)?<\/h2>                                <p>Ser\u00e1 um prazer acolher sua hist\u00f3ria e prepar\u00e1-lo para o mercado de trabalho!<\/p>                            <\/div>\n                                                        <div class=\"info-box\">\n                                                                <div class=\"single-item\">\n                                    <h4>Telefone<\/h4>\n                                    <div class=\"text\">\n                                        <div class=\"icon-box\"><i class=\"icon-phone-call\"><\/i><\/div>\n                                        <p>WhatsApp<br \/><a href=\"http:\/\/api.whatsapp.com\/send?1=pt_BR&amp;phone=5511996074946 \">(11) 96646-3817  <\/a><\/p>\n                                    <\/div>\n                                <\/div>\n                                                                <div class=\"single-item\">\n                                    <h4>E-mail  <\/h4>\n                                    <div class=\"text\">\n                                        <div class=\"icon-box\"><i class=\"icon-letter\"><\/i><\/div>\n                                        <p>Email <br \/><a href=\"tel:comunicacao@institutobussolajovem.org.br\">comunicacao@institutobussolajovem.org.br<\/a><\/p>\n                                    <\/div>\n                                <\/div>\n                                                            <\/div>\n                        <\/div>\n                    <\/div>\n                                        <div class=\"col-lg-4 col-md-12 col-sm-12 image-column\">\n                        <figure class=\"image-box\"><img decoding=\"async\" src=\"https:\/\/www.institutobussolajovem.org.br\/wp-content\/uploads\/2022\/09\/contatto-info-1.png\" alt=\"Awesome Image\"><\/figure>\n                    <\/div>\n                                        <div class=\"col-lg-4 col-md-12 col-sm-12 inner-column\">\n                        <div class=\"contact-form-inner\">\n                                                        <div class=\"sec-title\">\n                                <span class=\"top-text\">Vamos tornar<\/span>                                <h2>\u00c9 uma empresa e quer ser parceira?<\/h2>                                <p>Para mais informa\u00e7\u00f5es sobre projetos, parcerias, patroc\u00ednios, eventos e outros assuntos, entre em contato conosco.<\/p>                            <\/div>\n                                                        \n                                                        <div class=\"form-inner\">\n                                <div class=\"default-form\"> \n                                    \n<div class=\"wpcf7 no-js\" id=\"wpcf7-f833-o1\" lang=\"en-US\" dir=\"ltr\" data-wpcf7-id=\"833\">\n<div class=\"screen-reader-response\"><p role=\"status\" aria-live=\"polite\" aria-atomic=\"true\"><\/p> <ul><\/ul><\/div>\n<form action=\"\/index.php\/wp-json\/wp\/v2\/pages\/2515#wpcf7-f833-o1\" method=\"post\" class=\"wpcf7-form init\" aria-label=\"Contact form\" novalidate=\"novalidate\" data-status=\"init\">\n<fieldset class=\"hidden-fields-container\"><input type=\"hidden\" name=\"_wpcf7\" value=\"833\" \/><input type=\"hidden\" name=\"_wpcf7_version\" value=\"6.1\" \/><input type=\"hidden\" name=\"_wpcf7_locale\" value=\"en_US\" \/><input type=\"hidden\" name=\"_wpcf7_unit_tag\" value=\"wpcf7-f833-o1\" \/><input type=\"hidden\" name=\"_wpcf7_container_post\" value=\"0\" \/><input type=\"hidden\" name=\"_wpcf7_posted_data_hash\" value=\"\" \/>\n<\/fieldset>\n<div class=\"form-group\">\n\t<p><i class=\"fa fa-user\"><\/i><span class=\"wpcf7-form-control-wrap\" data-name=\"text-28\"><input size=\"40\" maxlength=\"400\" class=\"wpcf7-form-control wpcf7-text wpcf7-validates-as-required\" aria-required=\"true\" aria-invalid=\"false\" placeholder=\"nome *\" value=\"\" type=\"text\" name=\"text-28\" \/><\/span>\n\t<\/p>\n<\/div>\n<div class=\"form-group\">\n\t<p><i class=\"fa fa-envelope\"><\/i><span class=\"wpcf7-form-control-wrap\" data-name=\"email-149\"><input size=\"40\" maxlength=\"400\" class=\"wpcf7-form-control wpcf7-email wpcf7-validates-as-required wpcf7-text wpcf7-validates-as-email\" aria-required=\"true\" aria-invalid=\"false\" placeholder=\"e-mail\" value=\"\" type=\"email\" name=\"email-149\" \/><\/span>\n\t<\/p>\n<\/div>\n<div class=\"form-group\">\n\t<p><i class=\"fa fa-phone\"><\/i><span class=\"wpcf7-form-control-wrap\" data-name=\"text-29\"><input size=\"40\" maxlength=\"400\" class=\"wpcf7-form-control wpcf7-text\" aria-invalid=\"false\" placeholder=\"telefone\" value=\"\" type=\"text\" name=\"text-29\" \/><\/span>\n\t<\/p>\n<\/div>\n<div class=\"form-group\">\n\t<p><i class=\"fa fa-sticky-note\"><\/i><span class=\"wpcf7-form-control-wrap\" data-name=\"text-30\"><input size=\"40\" maxlength=\"400\" class=\"wpcf7-form-control wpcf7-text\" aria-invalid=\"false\" placeholder=\"assunto\" value=\"\" type=\"text\" name=\"text-30\" \/><\/span>\n\t<\/p>\n<\/div>\n<div class=\"form-group\">\n\t<p><i class=\"fa fa-text-height\"><\/i><span class=\"wpcf7-form-control-wrap\" data-name=\"textarea-14\"><textarea cols=\"40\" rows=\"10\" maxlength=\"2000\" class=\"wpcf7-form-control wpcf7-textarea\" aria-invalid=\"false\" placeholder=\"mensagem\" name=\"textarea-14\"><\/textarea><\/span>\n\t<\/p>\n<\/div>\n<div class=\"form-group message-btn\">\n\t<p><button class=\"theme-btn btn-one\" type=\"submit\" name=\"submit-form\">ENVIAR<\/button>\n\t<\/p>\n<\/div><div class=\"wpcf7-response-output\" aria-hidden=\"true\"><\/div>\n<\/form>\n<\/div>\n                                <\/div>\n                            <\/div>\n                                                    <\/div>\n                    <\/div>\n                <\/div>\n            <\/div>\n        <\/section>\n        <!-- contact-section end -->\n                \n\t\t\t\t\t\t<\/div>\n\t\t\t\t<\/div>\n\t\t\t\t\t<\/div>\n\t\t<\/div>\n\t\t\t\t\t<\/div>\n\t\t<\/section>\n\t\t\t\t<section class=\"elementor-section elementor-top-section elementor-element elementor-element-383b278 elementor-section-boxed elementor-section-height-default elementor-section-height-default\" data-id=\"383b278\" data-element_type=\"section\">\n\t\t\t\t\t\t<div class=\"elementor-container elementor-column-gap-default\">\n\t\t\t\t\t<div class=\"elementor-column elementor-col-100 elementor-top-column elementor-element elementor-element-a660197\" data-id=\"a660197\" data-element_type=\"column\">\n\t\t\t<div class=\"elementor-widget-wrap elementor-element-populated\">\n\t\t\t\t\t\t<div class=\"elementor-element elementor-element-1916b82 elementor-shape-square elementor-grid-5 e-grid-align-center elementor-widget elementor-widget-social-icons\" data-id=\"1916b82\" data-element_type=\"widget\" data-widget_type=\"social-icons.default\">\n\t\t\t\t<div class=\"elementor-widget-container\">\n\t\t\t\t\t\t\t<div class=\"elementor-social-icons-wrapper elementor-grid\" role=\"list\">\n\t\t\t\t\t\t\t<span class=\"elementor-grid-item\" role=\"listitem\">\n\t\t\t\t\t<a class=\"elementor-icon elementor-social-icon elementor-social-icon-instagram elementor-repeater-item-9a78b9a\" href=\"https:\/\/www.instagram.com\/institutobussolajovem\/\" target=\"_blank\">\n\t\t\t\t\t\t<span class=\"elementor-screen-only\">Instagram<\/span>\n\t\t\t\t\t\t<i class=\"fab fa-instagram\"><\/i>\t\t\t\t\t<\/a>\n\t\t\t\t<\/span>\n\t\t\t\t\t\t\t<span class=\"elementor-grid-item\" role=\"listitem\">\n\t\t\t\t\t<a class=\"elementor-icon elementor-social-icon elementor-social-icon-linkedin elementor-repeater-item-538e0ff\" href=\"https:\/\/www.linkedin.com\/company\/instituto-bussola-jovem\/\" target=\"_blank\">\n\t\t\t\t\t\t<span class=\"elementor-screen-only\">Linkedin<\/span>\n\t\t\t\t\t\t<i class=\"fab fa-linkedin\"><\/i>\t\t\t\t\t<\/a>\n\t\t\t\t<\/span>\n\t\t\t\t\t<\/div>\n\t\t\t\t\t\t<\/div>\n\t\t\t\t<\/div>\n\t\t\t\t\t<\/div>\n\t\t<\/div>\n\t\t\t\t\t<\/div>\n\t\t<\/section>\n\t\t\t\t<section class=\"elementor-section elementor-top-section elementor-element elementor-element-8130faf elementor-section-boxed elementor-section-height-default elementor-section-height-default\" data-id=\"8130faf\" data-element_type=\"section\">\n\t\t\t\t\t\t<div class=\"elementor-container elementor-column-gap-default\">\n\t\t\t\t\t<div class=\"elementor-column elementor-col-100 elementor-top-column elementor-element elementor-element-158c356\" data-id=\"158c356\" data-element_type=\"column\">\n\t\t\t<div class=\"elementor-widget-wrap elementor-element-populated\">\n\t\t\t\t\t\t<div class=\"elementor-element elementor-element-54876ff elementor-widget elementor-widget-spacer\" data-id=\"54876ff\" data-element_type=\"widget\" data-widget_type=\"spacer.default\">\n\t\t\t\t<div class=\"elementor-widget-container\">\n\t\t\t\t\t\t\t<div class=\"elementor-spacer\">\n\t\t\t<div class=\"elementor-spacer-inner\"><\/div>\n\t\t<\/div>\n\t\t\t\t\t\t<\/div>\n\t\t\t\t<\/div>\n\t\t\t\t\t<\/div>\n\t\t<\/div>\n\t\t\t\t\t<\/div>\n\t\t<\/section>\n\t\t\t\t<\/div>\n\t\t","protected":false},"excerpt":{"rendered":"<p>Vamos ser Quer se tornar nosso aluno(a)? Ser\u00e1 um prazer acolher sua hist\u00f3ria e prepar\u00e1-lo para o mercado de trabalho! Telefone WhatsApp(11) 96646-3817 E-mail Email comunicacao@institutobussolajovem.org.br Vamos tornar \u00c9 uma [&hellip;]<\/p>\n","protected":false},"author":1,"featured_media":0,"parent":0,"menu_order":0,"comment_status":"closed","ping_status":"closed","template":"tpl-default-elementor.php","meta":{"footnotes":""},"class_list":["post-2515","page","type-page","status-publish","hentry"],"_links":{"self":[{"href":"https:\/\/www.institutobussolajovem.org.br\/index.php\/wp-json\/wp\/v2\/pages\/2515","targetHints":{"allow":["GET"]}}],"collection":[{"href":"https:\/\/www.institutobussolajovem.org.br\/index.php\/wp-json\/wp\/v2\/pages"}],"about":[{"href":"https:\/\/www.institutobussolajovem.org.br\/index.php\/wp-json\/wp\/v2\/types\/page"}],"author":[{"embeddable":true,"href":"https:\/\/www.institutobussolajovem.org.br\/index.php\/wp-json\/wp\/v2\/users\/1"}],"replies":[{"embeddable":true,"href":"https:\/\/www.institutobussolajovem.org.br\/index.php\/wp-json\/wp\/v2\/comments?post=2515"}],"version-history":[{"count":44,"href":"https:\/\/www.institutobussolajovem.org.br\/index.php\/wp-json\/wp\/v2\/pages\/2515\/revisions"}],"predecessor-version":[{"id":4316,"href":"https:\/\/www.institutobussolajovem.org.br\/index.php\/wp-json\/wp\/v2\/pages\/2515\/revisions\/4316"}],"wp:attachment":[{"href":"https:\/\/www.institutobussolajovem.org.br\/index.php\/wp-json\/wp\/v2\/media?parent=2515"}],"curies":[{"name":"wp","href":"https:\/\/api.w.org\/{rel}","templated":true}]}}