{"id":738,"date":"2021-07-26T10:18:13","date_gmt":"2021-07-26T10:18:13","guid":{"rendered":"http:\/\/fastwpdemo.com\/newwp\/purehearts\/?page_id=738"},"modified":"2022-08-19T01:12:29","modified_gmt":"2022-08-19T01:12:29","slug":"events-list-view","status":"publish","type":"page","link":"https:\/\/www.institutobussolajovem.org.br\/index.php\/events-list-view\/","title":{"rendered":"Events List View"},"content":{"rendered":"\t\t<div data-elementor-type=\"wp-page\" data-elementor-id=\"738\" class=\"elementor elementor-738\">\n\t\t\t\t\t\t<section class=\"elementor-section elementor-top-section elementor-element elementor-element-4984fea elementor-section-full_width elementor-section-height-default elementor-section-height-default\" data-id=\"4984fea\" data-element_type=\"section\">\n\t\t\t\t\t\t<div class=\"elementor-container elementor-column-gap-default\">\n\t\t\t\t\t<div class=\"elementor-column elementor-col-100 elementor-top-column elementor-element elementor-element-9a9759a\" data-id=\"9a9759a\" data-element_type=\"column\">\n\t\t\t<div class=\"elementor-widget-wrap elementor-element-populated\">\n\t\t\t\t\t\t<div class=\"elementor-element elementor-element-361851c elementor-widget elementor-widget-purehearts_event_list_view\" data-id=\"361851c\" data-element_type=\"widget\" data-widget_type=\"purehearts_event_list_view.default\">\n\t\t\t\t<div class=\"elementor-widget-container\">\n\t\t\t\t\t        \n        <!-- events-page-section -->\n        <section class=\"events-page-section events-list\">\n            <div class=\"auto-container\">\n                <div class=\"row clearfix\">\n                    <div class=\"col-lg-8 col-md-12 col-sm-12 content-side\">\n                        <div class=\"events-list-content\">\n                            Sorry, nothing found.                            \n                                                        <div class=\"more-btn centred\"><a href=\"http:\/\/fastwpdemo.com\/newwp\/purehearts\/events-list-view\/\" class=\"theme-btn btn-one\">Read More<\/a><\/div>\n                                                    <\/div>\n                    <\/div>\n                                        <div class=\"col-lg-4 col-md-12 col-sm-12 sidebar-side\">\n                        <div class=\"events-sidebar blog-sidebar default-sidebar\">\n                            <div id=\"block-7\" class=\"widget sidebar-widget widget_block widget_search\"><form role=\"search\" method=\"get\" action=\"https:\/\/www.institutobussolajovem.org.br\/\" class=\"wp-block-search__button-outside wp-block-search__text-button wp-block-search\"    ><label class=\"wp-block-search__label screen-reader-text\" for=\"wp-block-search__input-1\" >Pesquisar<\/label><div class=\"wp-block-search__inside-wrapper \" ><input class=\"wp-block-search__input\" id=\"wp-block-search__input-1\" placeholder=\"\" value=\"\" type=\"search\" name=\"s\" required \/><button aria-label=\"Search\" class=\"wp-block-search__button wp-element-button\" type=\"submit\" >Search<\/button><\/div><\/form><\/div><div id=\"block-8\" class=\"widget sidebar-widget widget_block widget_categories\"><ul class=\"wp-block-categories-list wp-block-categories\">\t<li class=\"cat-item cat-item-2\"><a href=\"https:\/\/www.institutobussolajovem.org.br\/index.php\/category\/blog-list-view\/\">Blog List View<\/a>\n<\/li>\n<\/ul><\/div><div id=\"block-9\" class=\"widget sidebar-widget widget_block widget_tag_cloud\"><p class=\"wp-block-tag-cloud\">Ainda n\u00e3o h\u00e1 conte\u00fado para mostrar aqui.<\/p><\/div>                        <\/div>\n                    <\/div>\n                                    <\/div>\n            <\/div>\n        <\/section>\n        <!-- events-page-section -->\n                        \n\t\t\t\t\t\t<\/div>\n\t\t\t\t<\/div>\n\t\t\t\t\t<\/div>\n\t\t<\/div>\n\t\t\t\t\t<\/div>\n\t\t<\/section>\n\t\t\t\t<section class=\"elementor-section elementor-top-section elementor-element elementor-element-506d77b elementor-section-full_width elementor-section-height-default elementor-section-height-default\" data-id=\"506d77b\" data-element_type=\"section\">\n\t\t\t\t\t\t<div class=\"elementor-container elementor-column-gap-default\">\n\t\t\t\t\t<div class=\"elementor-column elementor-col-100 elementor-top-column elementor-element elementor-element-aac6658\" data-id=\"aac6658\" data-element_type=\"column\">\n\t\t\t<div class=\"elementor-widget-wrap elementor-element-populated\">\n\t\t\t\t\t\t<div class=\"elementor-element elementor-element-101efb5 elementor-widget elementor-widget-purehearts_newsletter\" data-id=\"101efb5\" data-element_type=\"widget\" data-widget_type=\"purehearts_newsletter.default\">\n\t\t\t\t<div class=\"elementor-widget-container\">\n\t\t\t\t\t        \n        <!-- subscribe-section -->\n        <section class=\"subscribe-section \">\n            <div class=\"bg-layer\"><\/div>\n            <div class=\"auto-container\">\n                <div class=\"inner-box clearfix\">\n                    <div class=\"left-column pull-left\">\n                                                <div class=\"logo-box\">\n                            <div class=\"shape\" style=\"background-image: url(https:\/\/www.institutobussolajovem.org.br\/wp-content\/themes\/purehearts\/assets\/images\/shape\/shape-1.png);\"><\/div>\n                            <figure class=\"logo\"><a href=\"https:\/\/www.institutobussolajovem.org.br\/\"><img decoding=\"async\" src=\"https:\/\/www.institutobussolajovem.org.br\/wp-content\/uploads\/2021\/07\/logo-3.png\" alt=\"Awesome Image\"><\/a><\/figure>\n                        <\/div>\n                                                                        <div class=\"text\">\n                            <h3><i class=\"icon-email-open-sketched-envelope\"><\/i>Subscribe <br \/>Our Newsletter<\/h3>\n                        <\/div>\n                                            <\/div>\n                    <div class=\"right-column pull-right clearfix\">\n                                                <div class=\"form-inner\">\n                            <div class=\"subscribe-form\">\n                                                            <\/div>\n                        <\/div>\n                                                <ul class=\"social-style-one clearfix\">\n                                                        <li><a href=\"https:\/\/www.facebook.com\/\"><i class=\"fa fa fa-facebook-f\"><\/i><\/a><\/li>\n                                                        <li><a href=\"https:\/\/www.twitter.com\/\"><i class=\"fa fa fa-twitter\"><\/i><\/a><\/li>\n                                                        <li><a href=\"https:\/\/www.linkedin.com\/\"><i class=\"fa fa fa-linkedin\"><\/i><\/a><\/li>\n                                                    <\/ul>\n                    <\/div>\n                <\/div>\n            <\/div>\n        <\/section>\n        <!-- subscribe-section end -->\n                \n\t\t\t\t\t\t<\/div>\n\t\t\t\t<\/div>\n\t\t\t\t\t<\/div>\n\t\t<\/div>\n\t\t\t\t\t<\/div>\n\t\t<\/section>\n\t\t\t\t<\/div>\n\t\t","protected":false},"excerpt":{"rendered":"<p>17Dec 10:00 AM California Pure Hearts Virtual Brain Game 17Dec 10:00 AM California Pure Hearts Virtual Brain Game 17Dec 10:00 AM California Pure&hellip; More Details 11Jan 09:00 AM Newyork Royal [&hellip;]<\/p>\n","protected":false},"author":1,"featured_media":0,"parent":0,"menu_order":0,"comment_status":"closed","ping_status":"closed","template":"tpl-default-elementor.php","meta":{"footnotes":""},"class_list":["post-738","page","type-page","status-publish","hentry"],"_links":{"self":[{"href":"https:\/\/www.institutobussolajovem.org.br\/index.php\/wp-json\/wp\/v2\/pages\/738","targetHints":{"allow":["GET"]}}],"collection":[{"href":"https:\/\/www.institutobussolajovem.org.br\/index.php\/wp-json\/wp\/v2\/pages"}],"about":[{"href":"https:\/\/www.institutobussolajovem.org.br\/index.php\/wp-json\/wp\/v2\/types\/page"}],"author":[{"embeddable":true,"href":"https:\/\/www.institutobussolajovem.org.br\/index.php\/wp-json\/wp\/v2\/users\/1"}],"replies":[{"embeddable":true,"href":"https:\/\/www.institutobussolajovem.org.br\/index.php\/wp-json\/wp\/v2\/comments?post=738"}],"version-history":[{"count":1,"href":"https:\/\/www.institutobussolajovem.org.br\/index.php\/wp-json\/wp\/v2\/pages\/738\/revisions"}],"predecessor-version":[{"id":1375,"href":"https:\/\/www.institutobussolajovem.org.br\/index.php\/wp-json\/wp\/v2\/pages\/738\/revisions\/1375"}],"wp:attachment":[{"href":"https:\/\/www.institutobussolajovem.org.br\/index.php\/wp-json\/wp\/v2\/media?parent=738"}],"curies":[{"name":"wp","href":"https:\/\/api.w.org\/{rel}","templated":true}]}}